{"id":148,"date":"2025-12-22T08:03:20","date_gmt":"2025-12-22T08:03:20","guid":{"rendered":"https:\/\/beta.abergstryck.se\/?page_id=148"},"modified":"2025-12-29T13:50:17","modified_gmt":"2025-12-29T13:50:17","slug":"visa-befintliga-konton","status":"publish","type":"page","link":"https:\/\/beta.abergstryck.se\/?page_id=148","title":{"rendered":"Visa befintliga konton"},"content":{"rendered":"\n<h2 class=\"wp-block-heading has-text-color has-link-color has-fira-code-font-family wp-elements-74c991d726d39199d20855b059bd1e46\" style=\"color:#01572c;font-size:clamp(28.836px, 1.802rem + ((1vw - 3.2px) * 2.405), 50px);\"><strong>Befintliga konton<\/strong><\/h2>\n\n\n\n<p class=\"has-text-align-center has-text-color has-link-color wp-elements-0d10621fae1d3bd2a7c3bd086d93e25b\" style=\"color:#016834;padding-top:var(--wp--preset--spacing--40);padding-bottom:var(--wp--preset--spacing--40);font-size:clamp(18.959px, 1.185rem + ((1vw - 3.2px) * 1.255), 30px);\"><strong>Under utveckling \u2013 Den h\u00e4r sidan kommer att visa en lista \u00f6ver befintliga anv\u00e4ndarkonton n\u00e4r systemet \u00e4r kopplat till databasen. Redigering och detaljvy utvecklas i n\u00e4sta steg.<\/strong><\/p>\n\n\n\n<div class=\"wp-block-buttons is-content-justification-center is-layout-flex wp-container-core-buttons-is-layout-7c446ad1 wp-block-buttons-is-layout-flex\" style=\"margin-top:150px;margin-bottom:150px\">\n<div class=\"wp-block-button\"><a class=\"wp-block-button__link has-base-color has-text-color has-background has-link-color wp-element-button\" href=\"https:\/\/beta.abergstryck.se\/?page_id=307\" style=\"border-width:5px;border-radius:30px;background:linear-gradient(0deg,rgb(232,243,235) 0%,rgb(0,166,81) 92%)\">Admin- f\u00f6rsta sidan<\/a><\/div>\n\n\n\n<div class=\"wp-block-button\"><a class=\"wp-block-button__link has-base-color has-text-color has-background has-link-color wp-element-button\" href=\"https:\/\/beta.abergstryck.se\/?page_id=269\" style=\"border-width:5px;border-radius:30px;background:linear-gradient(0deg,rgb(232,243,235) 0%,rgb(0,166,81) 92%)\"><strong>L\u00e4gg till anv\u00e4ndarkonto<\/strong><\/a><\/div>\n<\/div>\n\n\n\n<p><\/p>\n","protected":false},"excerpt":{"rendered":"<p>Befintliga konton Under utveckling \u2013 Den h\u00e4r sidan kommer att visa en lista \u00f6ver befintliga anv\u00e4ndarkonton n\u00e4r systemet \u00e4r kopplat till databasen. Redigering och detaljvy utvecklas i n\u00e4sta steg.<\/p>\n","protected":false},"author":1,"featured_media":0,"parent":0,"menu_order":0,"comment_status":"closed","ping_status":"closed","template":"","meta":{"footnotes":""},"class_list":["post-148","page","type-page","status-publish","hentry"],"_links":{"self":[{"href":"https:\/\/beta.abergstryck.se\/index.php?rest_route=\/wp\/v2\/pages\/148","targetHints":{"allow":["GET"]}}],"collection":[{"href":"https:\/\/beta.abergstryck.se\/index.php?rest_route=\/wp\/v2\/pages"}],"about":[{"href":"https:\/\/beta.abergstryck.se\/index.php?rest_route=\/wp\/v2\/types\/page"}],"author":[{"embeddable":true,"href":"https:\/\/beta.abergstryck.se\/index.php?rest_route=\/wp\/v2\/users\/1"}],"replies":[{"embeddable":true,"href":"https:\/\/beta.abergstryck.se\/index.php?rest_route=%2Fwp%2Fv2%2Fcomments&post=148"}],"version-history":[{"count":9,"href":"https:\/\/beta.abergstryck.se\/index.php?rest_route=\/wp\/v2\/pages\/148\/revisions"}],"predecessor-version":[{"id":381,"href":"https:\/\/beta.abergstryck.se\/index.php?rest_route=\/wp\/v2\/pages\/148\/revisions\/381"}],"wp:attachment":[{"href":"https:\/\/beta.abergstryck.se\/index.php?rest_route=%2Fwp%2Fv2%2Fmedia&parent=148"}],"curies":[{"name":"wp","href":"https:\/\/api.w.org\/{rel}","templated":true}]}}