{"id":153,"date":"2025-12-19T08:39:45","date_gmt":"2025-12-19T08:39:45","guid":{"rendered":"https:\/\/beta.abergstryck.se\/?page_id=153"},"modified":"2025-12-30T12:55:32","modified_gmt":"2025-12-30T12:55:32","slug":"startsida","status":"publish","type":"page","link":"https:\/\/beta.abergstryck.se\/?page_id=153","title":{"rendered":"Startsida"},"content":{"rendered":"\n<p class=\"has-text-align-center has-text-color has-link-color has-manrope-font-family wp-elements-7f6e48805be003a373a27a5647abeaf8\" style=\"color:#01823f;padding-top:var(--wp--preset--spacing--40);padding-bottom:var(--wp--preset--spacing--40);font-size:clamp(50.171px, 3.136rem + ((1vw - 3.2px) * 5.662), 100px);font-style:normal;font-weight:500\"><strong>V\u00e4lkommen till \u00c5bergs Tryckeri AB<\/strong><\/p>\n\n\n\n<p class=\"has-text-align-center has-fira-code-font-family\" style=\"padding-top:78px;padding-bottom:78px;font-size:clamp(28.836px, 1.802rem + ((1vw - 3.2px) * 2.405), 50px);font-style:italic;font-weight:300\"><strong>V\u00e4lj vart du vill g\u00e5 vidare<\/strong><\/p>\n\n\n\n<div class=\"wp-block-buttons is-content-justification-center is-layout-flex wp-container-core-buttons-is-layout-898c5230 wp-block-buttons-is-layout-flex\" style=\"padding-top:var(--wp--preset--spacing--50);padding-bottom:var(--wp--preset--spacing--50)\">\n<div class=\"wp-block-button\"><a class=\"wp-block-button__link has-base-color has-text-color has-background has-link-color has-custom-font-size wp-element-button\" href=\"https:\/\/beta.abergstryck.se\/?page_id=211\" style=\"border-width:3px;border-radius:22px;background-color:#00a651;box-shadow:var(--wp--preset--shadow--natural);font-size:clamp(24.034px, 1.502rem + ((1vw - 3.2px) * 1.814), 40px);\"><strong>F<\/strong><strong>\u00f6r kund<\/strong><\/a><\/div>\n\n\n\n<div class=\"wp-block-button\"><a class=\"wp-block-button__link has-base-color has-text-color has-background has-link-color has-custom-font-size wp-element-button\" href=\"https:\/\/beta.abergstryck.se\/?page_id=178\" style=\"border-width:3px;border-radius:22px;background-color:#00a651;box-shadow:var(--wp--preset--shadow--natural);font-size:clamp(24.034px, 1.502rem + ((1vw - 3.2px) * 1.814), 40px);\">Adminsida<\/a><\/div>\n<\/div>\n\n\n\n<p class=\"has-text-align-center\" style=\"padding-top:var(--wp--preset--spacing--50);padding-bottom:var(--wp--preset--spacing--50)\">V\u00e5r hemsida :<a href=\"https:\/\/www.abergstryck.se\/\">https:\/\/www.abergstryck.se\/<\/a><\/p>\n\n\n\n<p class=\"has-text-align-center has-text-color has-link-color wp-elements-e85a36770b1011a528449f001a8b281a\" style=\"color:#00773a;padding-top:var(--wp--preset--spacing--40);padding-bottom:var(--wp--preset--spacing--40);font-size:clamp(14px, 0.875rem + ((1vw - 3.2px) * 0.682), 20px);\"><strong>\u00a9 2016 | \u00c5bergs Tryckeri AB | Verkstadsgatan 5, 273 22 Tomelilla | 0417-103 52 |&nbsp;<a href=\"mailto:info@abergstryck.se\">info@abergstryck.se<\/a><\/strong><\/p>\n\n\n\n<p><\/p>\n","protected":false},"excerpt":{"rendered":"<p>V\u00e4lkommen till \u00c5bergs Tryckeri AB V\u00e4lj vart du vill g\u00e5 vidare V\u00e5r hemsida :https:\/\/www.abergstryck.se\/ \u00a9 2016 | \u00c5bergs Tryckeri AB | Verkstadsgatan 5, 273 22 Tomelilla | 0417-103 52 |&nbsp;info@abergstryck.se<\/p>\n","protected":false},"author":1,"featured_media":0,"parent":0,"menu_order":0,"comment_status":"closed","ping_status":"closed","template":"wp-custom-template-home","meta":{"footnotes":""},"class_list":["post-153","page","type-page","status-publish","hentry"],"_links":{"self":[{"href":"https:\/\/beta.abergstryck.se\/index.php?rest_route=\/wp\/v2\/pages\/153","targetHints":{"allow":["GET"]}}],"collection":[{"href":"https:\/\/beta.abergstryck.se\/index.php?rest_route=\/wp\/v2\/pages"}],"about":[{"href":"https:\/\/beta.abergstryck.se\/index.php?rest_route=\/wp\/v2\/types\/page"}],"author":[{"embeddable":true,"href":"https:\/\/beta.abergstryck.se\/index.php?rest_route=\/wp\/v2\/users\/1"}],"replies":[{"embeddable":true,"href":"https:\/\/beta.abergstryck.se\/index.php?rest_route=%2Fwp%2Fv2%2Fcomments&post=153"}],"version-history":[{"count":34,"href":"https:\/\/beta.abergstryck.se\/index.php?rest_route=\/wp\/v2\/pages\/153\/revisions"}],"predecessor-version":[{"id":411,"href":"https:\/\/beta.abergstryck.se\/index.php?rest_route=\/wp\/v2\/pages\/153\/revisions\/411"}],"wp:attachment":[{"href":"https:\/\/beta.abergstryck.se\/index.php?rest_route=%2Fwp%2Fv2%2Fmedia&parent=153"}],"curies":[{"name":"wp","href":"https:\/\/api.w.org\/{rel}","templated":true}]}}