{"id":178,"date":"2025-12-19T10:31:15","date_gmt":"2025-12-19T10:31:15","guid":{"rendered":"https:\/\/beta.abergstryck.se\/?page_id=178"},"modified":"2025-12-23T16:30:28","modified_gmt":"2025-12-23T16:30:28","slug":"admin-login","status":"publish","type":"page","link":"https:\/\/beta.abergstryck.se\/?page_id=178","title":{"rendered":"Admin &#8211; login"},"content":{"rendered":"\n<h2 class=\"wp-block-heading has-text-color has-link-color has-fira-code-font-family wp-elements-9d5d8a6bdec7fc0371c7f26e4a730340\" style=\"color:#016834;padding-top:0px;padding-right:var(--wp--preset--spacing--60);padding-bottom:0px;padding-left:var(--wp--preset--spacing--60);font-size:clamp(28.836px, 1.802rem + ((1vw - 3.2px) * 2.405), 50px);letter-spacing:-1px\"><strong>Logga in f\u00f6r administration<\/strong><\/h2>\n\n\n\n<style>\n  \/* --- Admin login--- *\/\n  .admin-login-ui{\n    max-width: 520px;\n    margin: 70px auto 0;\n    text-align: center;\n    font-family: inherit;\n  }\n\n  .admin-login-ui .field{\n    width: 320px;\n    margin: 18px auto 0;\n    text-align: left;\n  }\n\n  .admin-login-ui label{\n    display: block;\n    font-size: 14px;\n    margin: 0 0 8px;\n    opacity: .9;\n  }\n\n  .admin-login-ui input{\n    width: 100%;\n    height: 38px;\n    padding: 8px 10px;\n    border: 1px solid rgba(0,0,0,.25);\n    border-radius: 4px;\n    background: rgba(255,255,255,.65);\n    box-sizing: border-box;\n    outline: none;\n  }\n\n  .admin-login-ui input:focus{\n    border-color: rgba(0,0,0,.45);\n    background: rgba(255,255,255,.85);\n  }\n\n  .admin-login-ui .btn{\n    display: inline-block;\n    margin-top: 50px;\n    padding: 10px 40px;\n    border-radius: 2px;                 \n    border: 1px solid rgba(0,0,0,.25);\n    background: linear-gradient(#7bbf85, #4ea35c);\n    color: #fff;\n    text-decoration: none;\n    font-weight: 600;\n    box-shadow:\n      0 2px 0 rgba(255,255,255,.35) inset,\n      0 3px 10px rgba(0,0,0,.18);\n    transition: transform .05s ease, filter .15s ease;\n  }\n\n  .admin-login-ui .btn:hover{\n    filter: brightness(1.05);\n  }\n\n  .admin-login-ui .btn:active{\n    transform: translateY(1px);\n  }\n\n  .admin-login-ui .help{\n    margin-top: 14px;\n    font-size: 12px;\n    opacity: .85;\n  }\n\n  .admin-login-ui .help a{\n    color: inherit;\n    text-decoration: underline;\n  }\n\n  .admin-login-ui .back{\n    margin-top: 60px; \n    font-size: 14px;\n  }\n\n  .admin-login-ui .back a{\n    color: inherit;\n    text-decoration: underline;\n  }\n\n  \/* mobile *\/\n  @media (max-width: 480px){\n    .admin-login-ui{ margin-top: 40px; }\n    .admin-login-ui .field{ width: 85%; }\n  }\n<\/style>\n\n<div class=\"admin-login-ui\">\n  <div class=\"field\">\n    <label for=\"admin-username\">Anv\u00e4ndarnamn<\/label>\n    <input id=\"admin-username\" type=\"text\" autocomplete=\"username\" \/>\n  <\/div>\n\n  <div class=\"field\">\n    <label for=\"admin-password\">L\u00f6senord<\/label>\n    <input id=\"admin-password\" type=\"password\" autocomplete=\"current-password\" \/>\n  <\/div>\n\n  <!-- buttom \u00e4r bara \"mock flow\" som inte kopplas till databas \u00e4nnu -->\n  <a class=\"btn\" href=\"https:\/\/beta.abergstryck.se\/?page_id=307\">Logga in<\/a>\n\n  <div class=\"help\">\n    <a href=\"https:\/\/beta.abergstryck.se\/?page_id=149\">Kontakta IT-support om du gl\u00f6mt l\u00f6senordet<\/a>\n  <\/div>\n\n  <div class=\"back\">\n    <a href=\"https:\/\/beta.abergstryck.se\/?page_id=153\">Tillbaka till startsidan<\/a>\n  <\/div>\n<\/div>\n\n\n\n<p><\/p>\n","protected":false},"excerpt":{"rendered":"<p>Logga in f\u00f6r administration Anv\u00e4ndarnamn L\u00f6senord Logga in Kontakta IT-support om du gl\u00f6mt l\u00f6senordet Tillbaka till startsidan<\/p>\n","protected":false},"author":1,"featured_media":0,"parent":0,"menu_order":0,"comment_status":"closed","ping_status":"closed","template":"wp-custom-template-home","meta":{"footnotes":""},"class_list":["post-178","page","type-page","status-publish","hentry"],"_links":{"self":[{"href":"https:\/\/beta.abergstryck.se\/index.php?rest_route=\/wp\/v2\/pages\/178","targetHints":{"allow":["GET"]}}],"collection":[{"href":"https:\/\/beta.abergstryck.se\/index.php?rest_route=\/wp\/v2\/pages"}],"about":[{"href":"https:\/\/beta.abergstryck.se\/index.php?rest_route=\/wp\/v2\/types\/page"}],"author":[{"embeddable":true,"href":"https:\/\/beta.abergstryck.se\/index.php?rest_route=\/wp\/v2\/users\/1"}],"replies":[{"embeddable":true,"href":"https:\/\/beta.abergstryck.se\/index.php?rest_route=%2Fwp%2Fv2%2Fcomments&post=178"}],"version-history":[{"count":26,"href":"https:\/\/beta.abergstryck.se\/index.php?rest_route=\/wp\/v2\/pages\/178\/revisions"}],"predecessor-version":[{"id":351,"href":"https:\/\/beta.abergstryck.se\/index.php?rest_route=\/wp\/v2\/pages\/178\/revisions\/351"}],"wp:attachment":[{"href":"https:\/\/beta.abergstryck.se\/index.php?rest_route=%2Fwp%2Fv2%2Fmedia&parent=178"}],"curies":[{"name":"wp","href":"https:\/\/api.w.org\/{rel}","templated":true}]}}