{"id":282,"date":"2025-12-23T12:10:32","date_gmt":"2025-12-23T12:10:32","guid":{"rendered":"https:\/\/beta.abergstryck.se\/?page_id=282"},"modified":"2025-12-30T11:49:06","modified_gmt":"2025-12-30T11:49:06","slug":"kategorier","status":"publish","type":"page","link":"https:\/\/beta.abergstryck.se\/?page_id=282","title":{"rendered":"Kategorier"},"content":{"rendered":"\n<h2 class=\"wp-block-heading has-text-color has-link-color has-fira-code-font-family wp-elements-e50273b86e3253beb6c23a551f15a729\" style=\"color:#016834;padding-right:80px;padding-left:80px;font-size:clamp(28.836px, 1.802rem + ((1vw - 3.2px) * 2.405), 50px);\"><strong>Produktkategorier<\/strong><\/h2>\n\n\n\n<div style=\"height:100px\" aria-hidden=\"true\" class=\"wp-block-spacer\"><\/div>\n\n\n\n<p class=\"has-text-align-center has-text-color has-link-color wp-elements-a26871c404cab52d7fa307ebdf48c91f\" style=\"color:#016834;font-size:clamp(18.959px, 1.185rem + ((1vw - 3.2px) * 1.255), 30px);\"><strong>Den h\u00e4r sidan utvecklas i n\u00e4sta steg n\u00e4r systemet kopplas till databasen.<\/strong><\/p>\n\n\n\n<div style=\"height:100px\" aria-hidden=\"true\" class=\"wp-block-spacer\"><\/div>\n\n\n\n<div class=\"wp-block-buttons is-content-justification-center is-layout-flex wp-container-core-buttons-is-layout-b2f9d11e wp-block-buttons-is-layout-flex\">\n<div class=\"wp-block-button\"><a class=\"wp-block-button__link has-background wp-element-button\" href=\"https:\/\/beta.abergstryck.se\/?page_id=307\" style=\"border-width:5px;border-radius:30px;background:linear-gradient(0deg,rgb(232,243,235) 0%,rgb(0,166,81) 92%)\">Admin- f\u00f6rsta sidan <\/a><\/div>\n\n\n\n<div class=\"wp-block-button\"><a class=\"wp-block-button__link has-background wp-element-button\" href=\"https:\/\/beta.abergstryck.se\/?page_id=300\" style=\"border-width:5px;border-radius:30px;background:linear-gradient(0deg,rgb(232,243,235) 0%,rgb(0,166,81) 92%)\">L\u00e4gg till kategori<\/a><\/div>\n<\/div>\n\n\n\n<div style=\"height:190px\" aria-hidden=\"true\" class=\"wp-block-spacer\"><\/div>\n\n\n\n<p class=\"has-text-align-center\"><strong>\u00a9 2016 | \u00c5bergs Tryckeri AB | Verkstadsgatan 5, 273 22 Tomelilla | 0417-103 52 |&nbsp;<a href=\"mailto:info@abergstryck.se\">info@abergstryck.se<\/a><\/strong><\/p>\n\n\n\n<p><\/p>\n","protected":false},"excerpt":{"rendered":"<p>Produktkategorier Den h\u00e4r sidan utvecklas i n\u00e4sta steg n\u00e4r systemet kopplas till databasen. \u00a9 2016 | \u00c5bergs Tryckeri AB | Verkstadsgatan 5, 273 22 Tomelilla | 0417-103 52 |&nbsp;info@abergstryck.se<\/p>\n","protected":false},"author":1,"featured_media":0,"parent":0,"menu_order":0,"comment_status":"closed","ping_status":"closed","template":"","meta":{"footnotes":""},"class_list":["post-282","page","type-page","status-publish","hentry"],"_links":{"self":[{"href":"https:\/\/beta.abergstryck.se\/index.php?rest_route=\/wp\/v2\/pages\/282","targetHints":{"allow":["GET"]}}],"collection":[{"href":"https:\/\/beta.abergstryck.se\/index.php?rest_route=\/wp\/v2\/pages"}],"about":[{"href":"https:\/\/beta.abergstryck.se\/index.php?rest_route=\/wp\/v2\/types\/page"}],"author":[{"embeddable":true,"href":"https:\/\/beta.abergstryck.se\/index.php?rest_route=\/wp\/v2\/users\/1"}],"replies":[{"embeddable":true,"href":"https:\/\/beta.abergstryck.se\/index.php?rest_route=%2Fwp%2Fv2%2Fcomments&post=282"}],"version-history":[{"count":20,"href":"https:\/\/beta.abergstryck.se\/index.php?rest_route=\/wp\/v2\/pages\/282\/revisions"}],"predecessor-version":[{"id":403,"href":"https:\/\/beta.abergstryck.se\/index.php?rest_route=\/wp\/v2\/pages\/282\/revisions\/403"}],"wp:attachment":[{"href":"https:\/\/beta.abergstryck.se\/index.php?rest_route=%2Fwp%2Fv2%2Fmedia&parent=282"}],"curies":[{"name":"wp","href":"https:\/\/api.w.org\/{rel}","templated":true}]}}