{"id":300,"date":"2025-12-22T16:26:22","date_gmt":"2025-12-22T16:26:22","guid":{"rendered":"https:\/\/beta.abergstryck.se\/?page_id=300"},"modified":"2025-12-22T16:26:22","modified_gmt":"2025-12-22T16:26:22","slug":"lagg-till-kategori","status":"publish","type":"page","link":"https:\/\/beta.abergstryck.se\/?page_id=300","title":{"rendered":"L\u00e4gg till kategori"},"content":{"rendered":"\n<h2 class=\"wp-block-heading has-text-color has-link-color has-fira-code-font-family wp-elements-bfeb5c21f6e0246953cafe44771b81da\" style=\"color:#016834;padding-right:var(--wp--preset--spacing--40);padding-left:var(--wp--preset--spacing--40);font-size:clamp(28.836px, 1.802rem + ((1vw - 3.2px) * 2.405), 50px);\"><strong>L\u00e4gg till kategori<\/strong><\/h2>\n\n\n\n<div class=\"aberg-admin-wrap\">\n  \n\n  <form class=\"aberg-form\" action=\"#\" method=\"post\">\n    <div class=\"aberg-row\">\n      <label class=\"aberg-label\" for=\"kategori\">Kategorinamn:<\/label>\n      <input class=\"aberg-input\" id=\"kategori\" name=\"kategori\" type=\"text\" placeholder=\"\" \/>\n    <\/div>\n\n    <p class=\"aberg-hint\">\n      * Kategorin inkluderas aldrig i sajt karta.\n      (Detta inneb\u00e4r att kategorin inte visas i s\u00f6kmotorer.)\n    <\/p>\n\n    <div class=\"aberg-actions\">\n      <a class=\"aberg-btn aberg-btn--secondary\" href=\"#\">Avbryt<\/a>\n      <button class=\"aberg-btn aberg-btn--primary\" type=\"button\">Spara<\/button>\n    <\/div>\n\n    <p class=\"aberg-note\">\n      <strong>Obs:<\/strong> Detta \u00e4r en UI-prototyp. Funktionen f\u00f6r att spara till databasen utvecklas i n\u00e4sta steg.\n    <\/p>\n  <\/form>\n<\/div>\n\n<style>\n  .aberg-admin-wrap{\n    max-width: 980px;\n    margin: 40px auto;\n    padding: 0 16px;\n  }\n  .aberg-title{\n    font-size: 32px;\n    font-weight: 600;\n    margin: 0 0 30px 0;\n  }\n  .aberg-row{\n    display: flex;\n    align-items: center;\n    gap: 18px;\n    margin-bottom: 10px;\n  }\n  .aberg-label{\n    min-width: 180px;\n    font-size: 18px;\n  }\n  .aberg-input{\n    flex: 1;\n    height: 44px;\n    padding: 8px 12px;\n    border-radius: 6px;\n    border: 1px solid rgba(0,0,0,.25);\n    font-size: 16px;\n  }\n  .aberg-hint{\n    color: #a94442;\n    margin: 10px 0 24px 198px;\n    font-size: 14px;\n    line-height: 1.4;\n  }\n  .aberg-actions{\n    display: flex;\n    justify-content: flex-end;\n    gap: 16px;\n  }\n  .aberg-btn{\n    display: inline-block;\n    padding: 10px 26px;\n    border-radius: 6px;\n    text-decoration: none;\n    border: 1px solid rgba(0,0,0,.25);\n    font-size: 16px;\n    cursor: pointer;\n    user-select: none;\n  }\n  .aberg-btn--secondary{\n    background: #6b6b6b;\n    color: #fff;\n  }\n  .aberg-btn--primary{\n    background: #00A651;\n    color: #fff;\n    border-color: rgba(0,0,0,.15);\n  }\n  .aberg-note{\n    margin-top: 18px;\n    font-size: 14px;\n    opacity: .9;\n  }\n<\/style>\n\n","protected":false},"excerpt":{"rendered":"<p>L\u00e4gg till kategori Kategorinamn: * Kategorin inkluderas aldrig i sajt karta. (Detta inneb\u00e4r att kategorin inte visas i s\u00f6kmotorer.) Avbryt Spara Obs: Detta \u00e4r en UI-prototyp. Funktionen f\u00f6r att spara till databasen utvecklas i n\u00e4sta steg.<\/p>\n","protected":false},"author":1,"featured_media":0,"parent":0,"menu_order":0,"comment_status":"closed","ping_status":"closed","template":"","meta":{"footnotes":""},"class_list":["post-300","page","type-page","status-publish","hentry"],"_links":{"self":[{"href":"https:\/\/beta.abergstryck.se\/index.php?rest_route=\/wp\/v2\/pages\/300","targetHints":{"allow":["GET"]}}],"collection":[{"href":"https:\/\/beta.abergstryck.se\/index.php?rest_route=\/wp\/v2\/pages"}],"about":[{"href":"https:\/\/beta.abergstryck.se\/index.php?rest_route=\/wp\/v2\/types\/page"}],"author":[{"embeddable":true,"href":"https:\/\/beta.abergstryck.se\/index.php?rest_route=\/wp\/v2\/users\/1"}],"replies":[{"embeddable":true,"href":"https:\/\/beta.abergstryck.se\/index.php?rest_route=%2Fwp%2Fv2%2Fcomments&post=300"}],"version-history":[{"count":1,"href":"https:\/\/beta.abergstryck.se\/index.php?rest_route=\/wp\/v2\/pages\/300\/revisions"}],"predecessor-version":[{"id":301,"href":"https:\/\/beta.abergstryck.se\/index.php?rest_route=\/wp\/v2\/pages\/300\/revisions\/301"}],"wp:attachment":[{"href":"https:\/\/beta.abergstryck.se\/index.php?rest_route=%2Fwp%2Fv2%2Fmedia&parent=300"}],"curies":[{"name":"wp","href":"https:\/\/api.w.org\/{rel}","templated":true}]}}